{"id":441,"date":"2024-10-03T08:44:36","date_gmt":"2024-10-03T06:44:36","guid":{"rendered":"https:\/\/rafadvisory.cz\/cs\/?page_id=441"},"modified":"2024-11-01T14:57:24","modified_gmt":"2024-11-01T13:57:24","slug":"poptavka","status":"publish","type":"page","link":"https:\/\/www.rafadvisory.cz\/cs\/poptavka\/","title":{"rendered":"Popt\u00e1vka"},"content":{"rendered":"<section class=\"l-section wpb_row us_custom_bba73e7a height_auto with_img\"><div class=\"l-section-img\" role=\"img\" aria-label=\"Obr\u00e1zek\" data-img-width=\"1900\" data-img-height=\"500\" style=\"background-image: url(https:\/\/www.rafadvisory.cz\/cs\/wp-content\/uploads\/sites\/4\/2024\/09\/raf-advisory-background-2.webp);background-position: bottom center;background-repeat: no-repeat;\"><\/div><div class=\"l-section-overlay\" style=\"background:linear-gradient(180deg, rgba(39,45,55,1) 0%, rgba(39,45,55,0.65) 20%, rgba(39,45,55,0.5) 60%)\"><\/div><div class=\"l-section-h i-cf\"><div class=\"g-cols vc_row via_flex valign_middle type_default stacking_default\"><div class=\"vc_col-sm-12 wpb_column vc_column_container\"><div class=\"vc_column-inner us_custom_cc86f0e2\"><div class=\"wpb_wrapper\"><div class=\"wpb_text_column us_custom_c1831b83 has_text_color\"><div class=\"wpb_wrapper\"><h1>Popt\u00e1vka<\/h1>\n<\/div><\/div><div class=\"w-separator size_custom\" style=\"height:70px\"><\/div><\/div><\/div><\/div><\/div><\/div><\/section><section class=\"l-section wpb_row us_custom_a9a41e6d height_auto width_full\"><div class=\"l-section-h i-cf\"><div class=\"g-cols vc_row via_flex valign_top type_default stacking_default\"><div class=\"vc_col-sm-12 wpb_column vc_column_container\"><div class=\"vc_column-inner us_custom_079ed7e6\"><div class=\"vc_column-overlay\" style=\"background:#ffffff\"><\/div><div class=\"wpb_wrapper\"><\/div><\/div><\/div><\/div><\/div><\/section><section class=\"l-section wpb_row us_custom_a61e2493 height_auto\"><div class=\"l-section-overlay\" style=\"background:var(--color-content-bg)\"><\/div><div class=\"l-section-h i-cf\"><div class=\"g-cols vc_row via_flex valign_top type_boxes stacking_default\" style=\"--additional-gap:.5rem;\"><div class=\"vc_col-sm-12 wpb_column vc_column_container\"><div class=\"vc_column-inner us_custom_278d8c57\"><div class=\"wpb_wrapper\"><div class=\"wpb_text_column us_custom_97c4373b\"><div class=\"wpb_wrapper\"><p>Hled\u00e1te n\u00e1jemce pro va\u0161e prostory nebo vhodnou p\u0159\u00edle\u017eitost kde otev\u0159\u00edt obchod? Vypl\u0148te kontaktn\u00ed formul\u00e1\u0159 n\u00ed\u017ee a&nbsp;p\u0159edstavte n\u00e1m sv\u00e9 pot\u0159eby, r\u00e1di v\u00e1m pom\u016f\u017eeme.<\/p>\n<\/div><\/div><div class=\"w-separator us_custom_d60afeac has_text_color size_medium\"><\/div><\/div><\/div><\/div><div class=\"vc_col-sm-12 wpb_column vc_column_container has_bg_color\"><div class=\"vc_column-inner us_custom_ecc635c5\"><div class=\"wpb_wrapper\">\n<div class=\"wpcf7 no-js form-alt\" id=\"wpcf7-f443-o1\" lang=\"cs-CZ\" dir=\"ltr\" data-wpcf7-id=\"443\">\n<div class=\"screen-reader-response\"><p role=\"status\" aria-live=\"polite\" aria-atomic=\"true\"><\/p> <ul><\/ul><\/div>\n<form action=\"\/cs\/wp-json\/wp\/v2\/pages\/441#wpcf7-f443-o1\" method=\"post\" class=\"wpcf7-form init\" aria-label=\"Kontaktn\u00ed formul\u00e1\u0159\" novalidate=\"novalidate\" data-status=\"init\">\n<fieldset class=\"hidden-fields-container\"><input type=\"hidden\" name=\"_wpcf7\" value=\"443\" \/><input type=\"hidden\" name=\"_wpcf7_version\" value=\"6.1.3\" \/><input type=\"hidden\" name=\"_wpcf7_locale\" value=\"cs_CZ\" \/><input type=\"hidden\" name=\"_wpcf7_unit_tag\" value=\"wpcf7-f443-o1\" \/><input type=\"hidden\" name=\"_wpcf7_container_post\" value=\"0\" \/><input type=\"hidden\" name=\"_wpcf7_posted_data_hash\" value=\"\" \/><input type=\"hidden\" name=\"_wpcf7_recaptcha_response\" value=\"\" \/>\n<\/fieldset>\n<div class=\"g-cols via_flex type_default zprava\" style=\"margin-bottom: 0.6rem;\">\n\t<div class=\"vc_col-sm-6\" style=\"padding: 0px;\">\n\t\t<div class=\"vc_column-inner first\">\n\t\t\t<p><span class=\"wpcf7-form-control-wrap\" data-name=\"jmeno\"><input size=\"40\" maxlength=\"400\" class=\"wpcf7-form-control wpcf7-text wpcf7-validates-as-required\" aria-required=\"true\" aria-invalid=\"false\" placeholder=\"Jm\u00e9no\" value=\"\" type=\"text\" name=\"jmeno\" \/><\/span>\n\t\t\t<\/p>\n\t\t<\/div>\n\t<\/div>\n\t<div class=\"vc_col-sm-6\" style=\"padding: 0px;\">\n\t\t<div class=\"vc_column-inner last\">\n\t\t\t<p><span class=\"wpcf7-form-control-wrap\" data-name=\"tel\"><input size=\"40\" maxlength=\"400\" class=\"wpcf7-form-control wpcf7-tel wpcf7-validates-as-required wpcf7-text wpcf7-validates-as-tel\" aria-required=\"true\" aria-invalid=\"false\" placeholder=\"Telefon\" value=\"\" type=\"tel\" name=\"tel\" \/><\/span>\n\t\t\t<\/p>\n\t\t<\/div>\n\t<\/div>\n<\/div>\n<div class=\"g-cols via_flex type_default zprava\" style=\"margin-bottom: 0.6rem;\">\n\t<div class=\"vc_col-sm-6\" style=\"padding: 0px;\">\n\t\t<div class=\"vc_column-inner first\">\n\t\t\t<p><span class=\"wpcf7-form-control-wrap\" data-name=\"email\"><input size=\"40\" maxlength=\"400\" class=\"wpcf7-form-control wpcf7-email wpcf7-validates-as-required wpcf7-text wpcf7-validates-as-email\" aria-required=\"true\" aria-invalid=\"false\" placeholder=\"E-mail\" value=\"\" type=\"email\" name=\"email\" \/><\/span>\n\t\t\t<\/p>\n\t\t<\/div>\n\t<\/div>\n\t<div class=\"vc_col-sm-6\" style=\"padding: 0px;\">\n\t\t<div class=\"vc_column-inner last\">\n\t\t\t<p><span class=\"wpcf7-form-control-wrap\" data-name=\"menu-typ\"><select class=\"wpcf7-form-control wpcf7-select wpcf7-validates-as-required\" aria-required=\"true\" aria-invalid=\"false\" name=\"menu-typ\"><option value=\"\">-- Co hled\u00e1te --<\/option><option value=\"N\u00e1jemn\u00edka\">N\u00e1jemn\u00edka<\/option><option value=\"Prostory\">Prostory<\/option><\/select><\/span>\n\t\t\t<\/p>\n\t\t<\/div>\n\t<\/div>\n<\/div>\n<div class=\"g-cols via_flex type_default zprava\" style=\"margin-bottom: 1rem\">\n\t<div class=\"vc_col-sm-12\" style=\"padding: 0px;\">\n\t\t<div class=\"vc_column-inner\">\n\t\t\t<p><span class=\"wpcf7-form-control-wrap\" data-name=\"zprava\"><textarea cols=\"40\" rows=\"10\" maxlength=\"2000\" class=\"wpcf7-form-control wpcf7-textarea wpcf7-validates-as-required\" aria-required=\"true\" aria-invalid=\"false\" placeholder=\"Va\u0161e zpr\u00e1va...\" name=\"zprava\"><\/textarea><\/span>\n\t\t\t<\/p>\n\t\t<\/div>\n\t<\/div>\n<\/div>\n<div class=\"g-cols via_flex type_default zprava\" style=\"margin-bottom: 0\">\n\t<div class=\"vc_col-sm-12\" style=\"padding: 0px;\">\n\t\t<div class=\"vc_column-inner cta-from-alt\">\n\t\t\t<p><input class=\"wpcf7-form-control wpcf7-submit has-spinner\" type=\"submit\" value=\"Odeslat\" \/>\n\t\t\t<\/p>\n\t\t<\/div>\n\t<\/div>\n<\/div><div class=\"wpcf7-response-output\" aria-hidden=\"true\"><\/div>\n<\/form>\n<\/div>\n<div class=\"w-separator size_custom\" style=\"height:1.5rem\"><\/div><div class=\"wpb_text_column us_custom_acea396b has_text_color\"><div class=\"wpb_wrapper\"><p>Odesl\u00e1n\u00edm formul\u00e1\u0159e souhlas\u00edte se zpracov\u00e1n\u00edm osobn\u00edch \u00fadaj\u016f. P\u0159i&nbsp;zpracov\u00e1n\u00ed \u00fadaj\u016f se \u0159\u00edd\u00edme pravidly GDPR. Tato str\u00e1nka je chr\u00e1n\u011bna slu\u017ebou reCAPTCHA, na kterou se vztahuj\u00ed <a href=\"https:\/\/policies.google.com\/privacy\" target=\"_blank\" rel=\"noopener\">Privacy Policy<\/a> a&nbsp;<a href=\"https:\/\/policies.google.com\/terms\" target=\"_blank\" rel=\"noopener\">Terms of Service<\/a> spole\u010dnosti Google.<\/p>\n<\/div><\/div><\/div><\/div><\/div><\/div><\/div><\/section><section class=\"l-section wpb_row us_custom_8070a896 height_auto width_full\"><div class=\"l-section-h i-cf\"><div class=\"g-cols vc_row via_flex valign_top type_default stacking_default\"><div class=\"vc_col-sm-12 wpb_column vc_column_container\"><div class=\"vc_column-inner us_custom_49dbe721\"><div class=\"vc_column-overlay\" style=\"background:#ffffff\"><\/div><div class=\"wpb_wrapper\"><\/div><\/div><\/div><\/div><\/div><\/section>\n","protected":false},"excerpt":{"rendered":"Popt\u00e1vka Hled\u00e1te n\u00e1jemce pro va\u0161e prostory nebo vhodnou p\u0159\u00edle\u017eitost kde otev\u0159\u00edt obchod? Vypl\u0148te kontaktn\u00ed formul\u00e1\u0159 n\u00ed\u017ee a p\u0159edstavte n\u00e1m sv\u00e9 pot\u0159eby, r\u00e1di v\u00e1m pom\u016f\u017eeme. -- Co hled\u00e1te --N\u00e1jemn\u00edkaProstory Odesl\u00e1n\u00edm formul\u00e1\u0159e souhlas\u00edte se zpracov\u00e1n\u00edm osobn\u00edch \u00fadaj\u016f. P\u0159i zpracov\u00e1n\u00ed \u00fadaj\u016f se \u0159\u00edd\u00edme pravidly GDPR. Tato str\u00e1nka je chr\u00e1n\u011bna slu\u017ebou reCAPTCHA, na kterou se vztahuj\u00ed Privacy Policy a...","protected":false},"author":1,"featured_media":0,"parent":0,"menu_order":0,"comment_status":"closed","ping_status":"closed","template":"","meta":{"footnotes":""},"class_list":["post-441","page","type-page","status-publish","hentry"],"_links":{"self":[{"href":"https:\/\/www.rafadvisory.cz\/cs\/wp-json\/wp\/v2\/pages\/441","targetHints":{"allow":["GET"]}}],"collection":[{"href":"https:\/\/www.rafadvisory.cz\/cs\/wp-json\/wp\/v2\/pages"}],"about":[{"href":"https:\/\/www.rafadvisory.cz\/cs\/wp-json\/wp\/v2\/types\/page"}],"author":[{"embeddable":true,"href":"https:\/\/www.rafadvisory.cz\/cs\/wp-json\/wp\/v2\/users\/1"}],"replies":[{"embeddable":true,"href":"https:\/\/www.rafadvisory.cz\/cs\/wp-json\/wp\/v2\/comments?post=441"}],"version-history":[{"count":0,"href":"https:\/\/www.rafadvisory.cz\/cs\/wp-json\/wp\/v2\/pages\/441\/revisions"}],"wp:attachment":[{"href":"https:\/\/www.rafadvisory.cz\/cs\/wp-json\/wp\/v2\/media?parent=441"}],"curies":[{"name":"wp","href":"https:\/\/api.w.org\/{rel}","templated":true}]}}