{"id":49,"date":"2024-07-30T16:07:15","date_gmt":"2024-07-30T14:07:15","guid":{"rendered":"https:\/\/rafadvisory.cz\/cs\/?page_id=49"},"modified":"2026-02-03T14:33:10","modified_gmt":"2026-02-03T13:33:10","slug":"kontakt","status":"publish","type":"page","link":"https:\/\/www.rafadvisory.cz\/cs\/kontakt\/","title":{"rendered":"Kontakt"},"content":{"rendered":"<section class=\"l-section wpb_row us_custom_bba73e7a height_auto with_img\"><div class=\"l-section-img\" role=\"img\" aria-label=\"Obr\u00e1zek\" data-img-width=\"1900\" data-img-height=\"500\" style=\"background-image: url(https:\/\/www.rafadvisory.cz\/cs\/wp-content\/uploads\/sites\/4\/2024\/09\/raf-advisory-background-2.webp);background-position: bottom center;background-repeat: no-repeat;\"><\/div><div class=\"l-section-overlay\" style=\"background:linear-gradient(180deg, rgba(39,45,55,1) 0%, rgba(39,45,55,0.65) 20%, rgba(39,45,55,0.5) 60%)\"><\/div><div class=\"l-section-h i-cf\"><div class=\"g-cols vc_row via_flex valign_middle type_default stacking_default\"><div class=\"vc_col-sm-12 wpb_column vc_column_container\"><div class=\"vc_column-inner us_custom_cc86f0e2\"><div class=\"wpb_wrapper\"><div class=\"wpb_text_column us_custom_c1831b83 has_text_color\"><div class=\"wpb_wrapper\"><h1>Kontakty<\/h1>\n<\/div><\/div><div class=\"w-separator size_custom\" style=\"height:70px\"><\/div><\/div><\/div><\/div><\/div><\/div><\/section><section class=\"l-section wpb_row us_custom_a9a41e6d height_auto width_full\"><div class=\"l-section-h i-cf\"><div class=\"g-cols vc_row via_flex valign_top type_default stacking_default\"><div class=\"vc_col-sm-12 wpb_column vc_column_container\"><div class=\"vc_column-inner us_custom_079ed7e6\"><div class=\"vc_column-overlay\" style=\"background:#ffffff\"><\/div><div class=\"wpb_wrapper\"><\/div><\/div><\/div><\/div><\/div><\/section><section class=\"l-section wpb_row us_custom_b8904ffb height_auto\"><div class=\"l-section-overlay\" style=\"background:var(--color-content-bg)\"><\/div><div class=\"l-section-h i-cf\"><div class=\"g-cols vc_row via_flex valign_top type_default stacking_default\"><div class=\"vc_col-sm-12 wpb_column vc_column_container\"><div class=\"vc_column-inner\"><div class=\"wpb_wrapper\"><div class=\"wpb_text_column us_custom_662ebc05\"><div class=\"wpb_wrapper\"><p>Napi\u0161te n\u00e1m nebo zavolejte. Jsme tu pro v\u00e1s!<\/p>\n<\/div><\/div><\/div><\/div><\/div><\/div><\/div><\/section><section class=\"l-section wpb_row us_custom_b8904ffb height_auto\"><div class=\"l-section-overlay\" style=\"background:var(--color-content-bg)\"><\/div><div class=\"l-section-h i-cf\"><div class=\"g-cols vc_row via_flex valign_top type_boxes stacking_default\" style=\"--additional-gap:.5rem;\"><div class=\"vc_col-sm-12 vc_col-md-6 wpb_column vc_column_container cta-kontakt has_bg_color has-link\"><div class=\"vc_column-inner us_custom_b3f55d28\"><div class=\"wpb_wrapper\"><div class=\"wpb_text_column us_custom_6c12de8e has_text_color\"><div class=\"wpb_wrapper\"><p>Zavolejte n\u00e1m<\/p>\n<\/div><\/div><div class=\"wpb_text_column us_custom_bbf50d2c has_text_color\"><div class=\"wpb_wrapper\"><p><a href=\"tel:+420725766437\">+420&nbsp;725&nbsp;766&nbsp;437<\/a><\/p>\n<\/div><\/div><\/div><\/div><a href=\"tel:+420725766437\" class=\"vc_column-link smooth-scroll\" aria-label=\"Odkaz\"><\/a><\/div><div class=\"vc_col-sm-12 vc_col-md-6 wpb_column vc_column_container cta-kontakt has_bg_color has-link\"><div class=\"vc_column-inner us_custom_5adfb774\"><div class=\"wpb_wrapper\"><div class=\"wpb_text_column us_custom_6c12de8e has_text_color\"><div class=\"wpb_wrapper\"><p>Napi\u0161te n\u00e1m<\/p>\n<\/div><\/div><div class=\"wpb_text_column us_custom_bbf50d2c has_text_color\"><div class=\"wpb_wrapper\"><p><a href=\"mailto:info@rafadvisory.cz\">info@rafadvisory.cz<\/a><\/p>\n<\/div><\/div><\/div><\/div><a href=\"mailto:info@rafadvisory.cz\" class=\"vc_column-link smooth-scroll\" aria-label=\"Odkaz\"><\/a><\/div><\/div><\/div><\/section><section class=\"l-section wpb_row height_auto\"><div class=\"l-section-overlay\" style=\"background:var(--color-content-bg)\"><\/div><div class=\"l-section-h i-cf\"><div class=\"g-cols vc_row via_flex valign_top type_default stacking_default\"><div class=\"vc_col-sm-12 wpb_column vc_column_container carousel-kontakty\"><div class=\"vc_column-inner us_custom_a7fc050d\"><div class=\"wpb_wrapper\"><div class=\"w-content-carousel items_3 carousel-kontakt\"><div class=\"owl-carousel valign_top dotstyle_circle navstyle_1 arrows-ver-pos_middle arrows-hor-pos_on_sides_inside arrows-disabled_hide owl-responsive-2000 with_dots with_arrows\" style=\"--items-gap:16px;--transition-duration:350ms;--arrows-size:1.5rem;--arrows-hor-offset:-25px;--arrows-gap:10px;\" onclick=\"return {&quot;aria_labels&quot;:{&quot;prev&quot;:&quot;P\\u0159edchoz\\u00ed&quot;,&quot;next&quot;:&quot;Dal\\u0161\\u00ed&quot;},&quot;autoplayContinual&quot;:false,&quot;autoplayHoverPause&quot;:false,&quot;autoplayTimeout&quot;:3000,&quot;autoWidth&quot;:false,&quot;smartSpeed&quot;:350,&quot;margin&quot;:16,&quot;mouseDrag&quot;:true,&quot;rtl&quot;:false,&quot;slideBy&quot;:&quot;page&quot;,&quot;touchDrag&quot;:true,&quot;slideTransition&quot;:&quot;&quot;,&quot;responsive&quot;:{&quot;0&quot;:{&quot;autoHeight&quot;:true,&quot;autoplay&quot;:false,&quot;autoWidth&quot;:false,&quot;center&quot;:false,&quot;dots&quot;:true,&quot;items&quot;:1,&quot;loop&quot;:false,&quot;nav&quot;:false,&quot;stagePadding&quot;:55,&quot;slideBy&quot;:&quot;1&quot;},&quot;768&quot;:{&quot;autoHeight&quot;:false,&quot;autoplay&quot;:false,&quot;autoWidth&quot;:false,&quot;center&quot;:false,&quot;dots&quot;:true,&quot;items&quot;:2,&quot;loop&quot;:false,&quot;nav&quot;:false,&quot;stagePadding&quot;:50,&quot;slideBy&quot;:&quot;1&quot;},&quot;1024&quot;:{&quot;autoHeight&quot;:false,&quot;autoplay&quot;:false,&quot;autoWidth&quot;:false,&quot;center&quot;:false,&quot;dots&quot;:true,&quot;items&quot;:3,&quot;loop&quot;:false,&quot;nav&quot;:true,&quot;stagePadding&quot;:0}}}\"><div class=\"w-vwrapper us_custom_1d28b6c9 align_center valign_top\" style=\"--vwrapper-gap:0rem\"><div class=\"w-image us_custom_0afaae41 style_circle has_ratio align_center\"><div class=\"w-image-h\"><div style=\"padding-bottom:100%\"><\/div><img decoding=\"async\" width=\"300\" height=\"300\" src=\"https:\/\/www.rafadvisory.cz\/cs\/wp-content\/uploads\/sites\/4\/2024\/11\/raf-advisory-petr-kouble-kontakt.webp\" class=\"attachment-medium size-medium\" alt=\"RAF Advisory \u2013 Petr Kouble \u2013 Kontakt\" loading=\"lazy\" \/><\/div><\/div><div class=\"w-text us_custom_58b1af09\"><span class=\"w-text-h\"><span class=\"w-text-value\">Petr Kouble<\/span><\/span><\/div><div class=\"wpb_text_column us_custom_042675dd has_text_color\"><div class=\"wpb_wrapper\"><p><span>Partner<\/span><\/p>\n<\/div><\/div><div class=\"w-text us_custom_16b545ae has_text_color\"><a href=\"tel:+420725766437\" class=\"w-text-h\"><span class=\"w-text-value\">+420 725 766 437<\/span><\/a><\/div><div class=\"w-text us_custom_16b545ae has_text_color\"><a href=\"mailto:petr.kouble@rafadvisory.cz\" class=\"w-text-h\"><span class=\"w-text-value\">petr.kouble@rafadvisory.cz<\/span><\/a><\/div><\/div><div class=\"w-vwrapper us_custom_1d28b6c9 align_center valign_top\" style=\"--vwrapper-gap:0rem\"><div class=\"w-image us_custom_0afaae41 style_circle has_ratio align_center\"><div class=\"w-image-h\"><div style=\"padding-bottom:100%\"><\/div><img decoding=\"async\" width=\"300\" height=\"300\" src=\"https:\/\/www.rafadvisory.cz\/cs\/wp-content\/uploads\/sites\/4\/2024\/11\/raf-advisory-tomas-vavrecka-kontakt.webp\" class=\"attachment-medium size-medium\" alt=\"RAF Advisory \u2013 Tom\u00e1\u0161 V\u00e1vre\u010dka \u2013 Kontakt\" loading=\"lazy\" \/><\/div><\/div><div class=\"w-text us_custom_58b1af09\"><span class=\"w-text-h\"><span class=\"w-text-value\">Tom\u00e1\u0161 Vavre\u010dka<\/span><\/span><\/div><div class=\"wpb_text_column us_custom_042675dd has_text_color\"><div class=\"wpb_wrapper\"><p><span>Partner<\/span><\/p>\n<\/div><\/div><div class=\"w-text us_custom_16b545ae has_text_color\"><a href=\"tel:+420777202170\" class=\"w-text-h\"><span class=\"w-text-value\">+420 777 202 170<\/span><\/a><\/div><div class=\"w-text us_custom_16b545ae has_text_color\"><a href=\"mailto:tomas.vavrecka@rafadvisory.cz\" class=\"w-text-h\"><span class=\"w-text-value\">tomas.vavrecka@rafadvisory.cz<\/span><\/a><\/div><\/div><div class=\"w-vwrapper us_custom_1d28b6c9 align_center valign_top\" style=\"--vwrapper-gap:0rem\"><div class=\"w-image us_custom_0afaae41 style_circle has_ratio align_center\"><div class=\"w-image-h\"><div style=\"padding-bottom:100%\"><\/div><img decoding=\"async\" width=\"300\" height=\"300\" src=\"https:\/\/www.rafadvisory.cz\/cs\/wp-content\/uploads\/sites\/4\/2024\/11\/raf-advisory-jan-voslar-kontakt.webp\" class=\"attachment-medium size-medium\" alt=\"RAF Advisory \u2013 Jan Vosl\u00e1\u0159 \u2013 Kontakt\" loading=\"lazy\" \/><\/div><\/div><div class=\"w-text us_custom_58b1af09\"><span class=\"w-text-h\"><span class=\"w-text-value\">Jan Vosl\u00e1\u0159<\/span><\/span><\/div><div class=\"wpb_text_column us_custom_042675dd has_text_color\"><div class=\"wpb_wrapper\"><p><span>Partner<\/span><\/p>\n<\/div><\/div><div class=\"w-text us_custom_16b545ae has_text_color\"><a href=\"tel:+420724484470\" class=\"w-text-h\"><span class=\"w-text-value\">+420 724 484 470<\/span><\/a><\/div><div class=\"w-text us_custom_16b545ae has_text_color\"><a href=\"mailto:jan.voslar@rafadvisory.cz\" class=\"w-text-h\"><span class=\"w-text-value\">jan.voslar@rafadvisory.cz<\/span><\/a><\/div><\/div><div class=\"w-vwrapper us_custom_1d28b6c9 align_center valign_top\" style=\"--vwrapper-gap:0rem\"><div class=\"w-image us_custom_0afaae41 style_circle has_ratio align_center\"><div class=\"w-image-h\"><div style=\"padding-bottom:100%\"><\/div><img decoding=\"async\" width=\"300\" height=\"300\" src=\"https:\/\/www.rafadvisory.cz\/cs\/wp-content\/uploads\/sites\/4\/2024\/11\/raf-advisory-jana-sevcikova-kontakt.webp\" class=\"attachment-medium size-medium\" alt=\"RAF Advisory \u2013 Jana \u0160ev\u010d\u00edkov\u00e1 \u2013 Kontakt\" loading=\"lazy\" \/><\/div><\/div><div class=\"w-text us_custom_58b1af09\"><span class=\"w-text-h\"><span class=\"w-text-value\">Jana \u0160ev\u010d\u00edkov\u00e1<\/span><\/span><\/div><div class=\"wpb_text_column us_custom_042675dd has_text_color\"><div class=\"wpb_wrapper\"><p>Lead Shopping Centers Leasing<\/p>\n<\/div><\/div><div class=\"w-text us_custom_16b545ae has_text_color\"><a href=\"tel:+420725925133\" class=\"w-text-h\"><span class=\"w-text-value\">+420 725 925 133<\/span><\/a><\/div><div class=\"w-text us_custom_16b545ae has_text_color\"><a href=\"mailto:jana.sevcikova@rafadvisory.cz\" class=\"w-text-h\"><span class=\"w-text-value\">jana.sevcikova@rafadvisory.cz<\/span><\/a><\/div><\/div><div class=\"w-vwrapper us_custom_1d28b6c9 align_center valign_top\" style=\"--vwrapper-gap:0rem\"><div class=\"w-image us_custom_0afaae41 style_circle has_ratio align_center\"><div class=\"w-image-h\"><div style=\"padding-bottom:100%\"><\/div><img decoding=\"async\" width=\"300\" height=\"300\" src=\"https:\/\/www.rafadvisory.cz\/cs\/wp-content\/uploads\/sites\/4\/2024\/11\/raf-advisory-petr-repa-kontakt.webp\" class=\"attachment-medium size-medium\" alt=\"RAF Advisory \u2013 Petr \u0158epa \u2013 Kontakt\" loading=\"lazy\" \/><\/div><\/div><div class=\"w-text us_custom_58b1af09\"><span class=\"w-text-h\"><span class=\"w-text-value\">Petr \u0158epa<\/span><\/span><\/div><div class=\"wpb_text_column us_custom_042675dd has_text_color\"><div class=\"wpb_wrapper\"><p>Director | High Street Retail Leasing<\/p>\n<\/div><\/div><div class=\"w-text us_custom_16b545ae has_text_color\"><a href=\"tel:+420606637066\" class=\"w-text-h\"><span class=\"w-text-value\">+420 606 637 066<\/span><\/a><\/div><div class=\"w-text us_custom_16b545ae has_text_color\"><a href=\"mailto:petr.repa@rafadvisory.cz\" class=\"w-text-h\"><span class=\"w-text-value\">petr.repa@rafadvisory.cz<\/span><\/a><\/div><\/div><div class=\"w-vwrapper us_custom_1d28b6c9 align_center valign_top\" style=\"--vwrapper-gap:0rem\"><div class=\"w-image us_custom_0afaae41 style_circle has_ratio align_center\"><div class=\"w-image-h\"><div style=\"padding-bottom:100%\"><\/div><img decoding=\"async\" width=\"300\" height=\"300\" src=\"https:\/\/www.rafadvisory.cz\/cs\/wp-content\/uploads\/sites\/4\/2025\/11\/300x300.webp\" class=\"attachment-medium size-medium\" alt=\"\" loading=\"lazy\"><\/div><\/div><div class=\"w-text us_custom_58b1af09\"><span class=\"w-text-h\"><span class=\"w-text-value\">Martina \u010ctvrtn\u00edkov\u00e1<\/span><\/span><\/div><div class=\"wpb_text_column us_custom_042675dd has_text_color\"><div class=\"wpb_wrapper\"><p>Director | Shopping Centers Leasing<\/p>\n<\/div><\/div><div class=\"w-text us_custom_16b545ae has_text_color\"><a href=\"tel:+421948256945\" class=\"w-text-h\"><span class=\"w-text-value\">+421 948 256 945<\/span><\/a><\/div><div class=\"w-text us_custom_16b545ae has_text_color\"><a href=\"mailto:martina.ctvrtnikova@rafadvisory.sk\" class=\"w-text-h\"><span class=\"w-text-value\">martina.ctvrtnikova@rafadvisory.sk<\/span><\/a><\/div><\/div><\/div><\/div><\/div><\/div><\/div><\/div><\/div><\/section><section class=\"l-section wpb_row height_auto\"><div class=\"l-section-overlay\" style=\"background:var(--color-content-bg)\"><\/div><div class=\"l-section-h i-cf\"><div class=\"g-cols vc_row via_flex valign_top type_default stacking_default\"><div class=\"vc_col-sm-12 wpb_column vc_column_container\"><div class=\"vc_column-inner\"><div class=\"wpb_wrapper\"><div class=\"w-separator size_medium\"><\/div><div class=\"g-cols wpb_row via_flex valign_middle type_default stacking_default\"><div class=\"vc_col-sm-4 wpb_column vc_column_container\"><div class=\"vc_column-inner\"><div class=\"wpb_wrapper\"><div class=\"wpb_text_column us_custom_d74ccb53 has_text_color\"><div class=\"wpb_wrapper\"><p>Kancel\u00e1\u0159<\/p>\n<\/div><\/div><h3 class=\"w-text us_custom_3a434dc5 has_text_color\"><span class=\"w-text-h\"><span class=\"w-text-value\">RAF Advisory s.r.o.<\/span><\/span><\/h3><div class=\"wpb_text_column us_custom_47b8f6c7\"><div class=\"wpb_wrapper\"><p>Pal\u00e1c Purky\u0148ova<br \/>\nPurky\u0148ova 2, 110&nbsp;00\u2002Praha 1<br \/>\n\u010cesk\u00e1 republika<\/p>\n<\/div><\/div><div class=\"w-separator size_small\"><\/div><div class=\"wpb_text_column us_custom_d74ccb53 has_text_color\"><div class=\"wpb_wrapper\"><p>I\u010cO: 06686893 DI\u010c: CZ06686893<br \/>\nBankovn\u00ed spojen\u00ed: 7250072500\/5500 (Raiffeisenbank)<br \/>\nDatov\u00e1 schr\u00e1nka: atpwyvk<\/p>\n<\/div><\/div><\/div><\/div><\/div><div class=\"vc_col-sm-8 wpb_column vc_column_container\"><div class=\"vc_column-inner\"><div class=\"wpb_wrapper\"><div class=\"w-html us_custom_5e8a7298\"><iframe src=\"https:\/\/www.google.com\/maps\/embed?pb=!1m18!1m12!1m3!1d2560.2750289939036!2d14.415237393852681!3d50.081137398101056!2m3!1f0!2f0!3f0!3m2!1i1024!2i768!4f13.1!3m3!1m2!1s0x470b94edff47d4cd%3A0x25423652c6b10fb5!2zUHVya3nFiG92YSA3NC8yLCAxMTAgMDAgTm92w6kgTcSbc3Rv!5e0!3m2!1scs!2scz!4v1770103297327!5m2!1scs!2scz\" width=\"100%\" height=\"300\" style=\"border:0;border-radius:1rem;\" allowfullscreen=\"\" loading=\"lazy\" referrerpolicy=\"no-referrer-when-downgrade\"><\/iframe><\/div><\/div><\/div><\/div><\/div><div class=\"w-separator size_medium\"><\/div><\/div><\/div><\/div><\/div><\/div><\/section><section class=\"l-section wpb_row us_custom_8070a896 height_auto width_full\"><div class=\"l-section-h i-cf\"><div class=\"g-cols vc_row via_flex valign_top type_default stacking_default\"><div class=\"vc_col-sm-12 wpb_column vc_column_container\"><div class=\"vc_column-inner us_custom_49dbe721\"><div class=\"vc_column-overlay\" style=\"background:#ffffff\"><\/div><div class=\"wpb_wrapper\"><div class=\"wpb_text_column us_custom_9b1668b6 has_text_color\"><div class=\"wpb_wrapper\"><p><span>S\u00eddlo spole\u010dnosti: RAF Advisory s.r.o., Vysok\u00e1 4231\/35, 466&nbsp;02 Jablonec nad Nisou<\/span><\/p>\n<\/div><\/div><\/div><\/div><\/div><\/div><\/div><\/section>\n","protected":false},"excerpt":{"rendered":"Kontakty Napi\u0161te n\u00e1m nebo zavolejte. Jsme tu pro v\u00e1s! Zavolejte n\u00e1m +420 725 766 437 Napi\u0161te n\u00e1m info@rafadvisory.cz Petr KoublePartner +420 725 766 437petr.kouble@rafadvisory.czTom\u00e1\u0161 Vavre\u010dkaPartner +420 777 202 170tomas.vavrecka@rafadvisory.czJan Vosl\u00e1\u0159Partner +420 724 484 470jan.voslar@rafadvisory.czJana \u0160ev\u010d\u00edkov\u00e1Lead Shopping Centers Leasing +420 725 925 133jana.sevcikova@rafadvisory.czPetr \u0158epaDirector | High Street Retail Leasing +420 606 637 066petr.repa@rafadvisory.czMartina \u010ctvrtn\u00edkov\u00e1Director | Shopping...","protected":false},"author":1,"featured_media":0,"parent":0,"menu_order":2,"comment_status":"closed","ping_status":"closed","template":"","meta":{"footnotes":""},"class_list":["post-49","page","type-page","status-publish","hentry"],"_links":{"self":[{"href":"https:\/\/www.rafadvisory.cz\/cs\/wp-json\/wp\/v2\/pages\/49","targetHints":{"allow":["GET"]}}],"collection":[{"href":"https:\/\/www.rafadvisory.cz\/cs\/wp-json\/wp\/v2\/pages"}],"about":[{"href":"https:\/\/www.rafadvisory.cz\/cs\/wp-json\/wp\/v2\/types\/page"}],"author":[{"embeddable":true,"href":"https:\/\/www.rafadvisory.cz\/cs\/wp-json\/wp\/v2\/users\/1"}],"replies":[{"embeddable":true,"href":"https:\/\/www.rafadvisory.cz\/cs\/wp-json\/wp\/v2\/comments?post=49"}],"version-history":[{"count":0,"href":"https:\/\/www.rafadvisory.cz\/cs\/wp-json\/wp\/v2\/pages\/49\/revisions"}],"wp:attachment":[{"href":"https:\/\/www.rafadvisory.cz\/cs\/wp-json\/wp\/v2\/media?parent=49"}],"curies":[{"name":"wp","href":"https:\/\/api.w.org\/{rel}","templated":true}]}}