{"id":772,"date":"2025-08-13T16:17:28","date_gmt":"2025-08-13T14:17:28","guid":{"rendered":"https:\/\/www.rafadvisory.cz\/cs\/?page_id=772"},"modified":"2025-11-19T13:12:31","modified_gmt":"2025-11-19T12:12:31","slug":"dokumenty","status":"publish","type":"page","link":"https:\/\/www.rafadvisory.cz\/cs\/dokumenty\/","title":{"rendered":"Dokumenty"},"content":{"rendered":"<section class=\"l-section wpb_row us_custom_bba73e7a height_auto with_img\"><div class=\"l-section-img\" role=\"img\" aria-label=\"Obr\u00e1zek\" data-img-width=\"1900\" data-img-height=\"500\" style=\"background-image: url(https:\/\/www.rafadvisory.cz\/cs\/wp-content\/uploads\/sites\/4\/2024\/09\/raf-advisory-background-2.webp);background-position: bottom center;background-repeat: no-repeat;\"><\/div><div class=\"l-section-overlay\" style=\"background:linear-gradient(180deg, rgba(39,45,55,1) 0%, rgba(39,45,55,0.65) 20%, rgba(39,45,55,0.5) 60%)\"><\/div><div class=\"l-section-h i-cf\"><div class=\"g-cols vc_row via_flex valign_middle type_default stacking_default\"><div class=\"vc_col-sm-12 wpb_column vc_column_container\"><div class=\"vc_column-inner us_custom_cc86f0e2\"><div class=\"wpb_wrapper\"><div class=\"wpb_text_column us_custom_c1831b83 has_text_color\"><div class=\"wpb_wrapper\"><h1>Dokumenty<\/h1>\n<\/div><\/div><div class=\"w-separator size_custom\" style=\"height:70px\"><\/div><\/div><\/div><\/div><\/div><\/div><\/section><section class=\"l-section wpb_row us_custom_a9a41e6d height_auto width_full\"><div class=\"l-section-h i-cf\"><div class=\"g-cols vc_row via_flex valign_top type_default stacking_default\"><div class=\"vc_col-sm-12 wpb_column vc_column_container\"><div class=\"vc_column-inner us_custom_079ed7e6\"><div class=\"vc_column-overlay\" style=\"background:#ffffff\"><\/div><div class=\"wpb_wrapper\"><\/div><\/div><\/div><\/div><\/div><\/section><section class=\"l-section wpb_row us_custom_b8904ffb height_auto\"><div class=\"l-section-overlay\" style=\"background:#ffffff\"><\/div><div class=\"l-section-h i-cf\"><div class=\"g-cols vc_row via_flex valign_middle type_default stacking_default\"><div class=\"vc_col-sm-12 wpb_column vc_column_container has_bg_color\"><div class=\"vc_column-inner us_custom_c9b7d90a\"><div class=\"vc_column-overlay\" style=\"background:rgba(255,255,255,0.50)\"><\/div><div class=\"wpb_wrapper\"><div class=\"w-separator size_small\"><\/div><div class=\"w-tabs layout_hor style_radio3 switch_click has_scrolling\" style=\"--sections-title-size:1em\"><div class=\"w-tabs-list items_2 align_center\"><div class=\"w-tabs-list-h\"><button class=\"w-tabs-item active\" aria-controls=\"content-ra78\" aria-expanded=\"false\"><span class=\"w-tabs-item-title\">Z\u00edskat p\u0159\u00edstup<\/span><\/button><button class=\"w-tabs-item\" aria-controls=\"content-ea56\" aria-expanded=\"false\"><span class=\"w-tabs-item-title\">P\u0159ihl\u00e1\u0161en\u00ed<\/span><\/button><\/div><\/div><div class=\"w-tabs-sections titles-align_none icon_chevron cpos_right\"><div class=\"w-tabs-section active\" id=\"ra78\"><button class=\"w-tabs-section-header active\" aria-controls=\"content-ra78\" aria-expanded=\"true\"><div class=\"w-tabs-section-title\">Z\u00edskat p\u0159\u00edstup<\/div><div class=\"w-tabs-section-control\"><\/div><\/button><div  class=\"w-tabs-section-content\" id=\"content-ra78\"><div class=\"w-tabs-section-content-h i-cf\"><div class=\"wpb_text_column us_custom_184073e5\"><div class=\"wpb_wrapper\"><p>V\u0161echny d\u016fle\u017eit\u00e9 dokumenty p\u0159ehledn\u011b uspo\u0159\u00e1dan\u00e9 na jednom m\u00edst\u011b \u2013 p\u0159esn\u011b tak, jak jste zvykl\u00ed u&nbsp;RAF Advisory.<\/p>\n<p>Pro p\u0159\u00edstup ke sta\u017eiteln\u00fdm dokument\u016fm pros\u00edm zadejte svou e-mailovou adresu. Va\u0161e p\u0159ihla\u0161ovac\u00ed \u00fadaje v\u00e1m budou zasl\u00e1ny e-mailem.<\/p>\n<\/div><\/div><div class=\"w-separator size_small\"><\/div>\n<div class=\"wpcf7 no-js us-field-style_2 us_custom_435c636a\" id=\"wpcf7-f775-o1\" lang=\"cs-CZ\" dir=\"ltr\" data-wpcf7-id=\"775\">\n<div class=\"screen-reader-response\"><p role=\"status\" aria-live=\"polite\" aria-atomic=\"true\"><\/p> <ul><\/ul><\/div>\n<form action=\"\/cs\/wp-json\/wp\/v2\/pages\/772#wpcf7-f775-o1\" method=\"post\" class=\"wpcf7-form init\" aria-label=\"Kontaktn\u00ed formul\u00e1\u0159\" novalidate=\"novalidate\" data-status=\"init\">\n<fieldset class=\"hidden-fields-container\"><input type=\"hidden\" name=\"_wpcf7\" value=\"775\" \/><input type=\"hidden\" name=\"_wpcf7_version\" value=\"6.1.3\" \/><input type=\"hidden\" name=\"_wpcf7_locale\" value=\"cs_CZ\" \/><input type=\"hidden\" name=\"_wpcf7_unit_tag\" value=\"wpcf7-f775-o1\" \/><input type=\"hidden\" name=\"_wpcf7_container_post\" value=\"0\" \/><input type=\"hidden\" name=\"_wpcf7_posted_data_hash\" value=\"\" \/><input type=\"hidden\" name=\"_wpcf7_recaptcha_response\" value=\"\" \/>\n<\/fieldset>\n<div class=\"g-cols via_flex type_default zprava\" style=\"margin-bottom: 0.6rem;\">\n\t<div class=\"vc_col-sm-8\" style=\"padding: 0px;\">\n\t\t<div class=\"vc_column-inner first\">\n\t\t\t<p><span class=\"wpcf7-form-control-wrap\" data-name=\"email\"><input size=\"40\" maxlength=\"400\" class=\"wpcf7-form-control wpcf7-email wpcf7-validates-as-required wpcf7-text wpcf7-validates-as-email\" aria-required=\"true\" aria-invalid=\"false\" placeholder=\"E-mail\" value=\"\" type=\"email\" name=\"email\" \/><\/span>\n\t\t\t<\/p>\n\t\t<\/div>\n\t<\/div>\n\t<div class=\"vc_col-sm-4\" style=\"padding: 0px;\">\n\t\t<div class=\"vc_column-inner last\">\n\t\t\t<p><input class=\"wpcf7-form-control wpcf7-submit has-spinner\" type=\"submit\" value=\"Send\" \/>\n\t\t\t<\/p>\n\t\t<\/div>\n\t<\/div>\n<\/div><div class=\"wpcf7-response-output\" aria-hidden=\"true\"><\/div>\n<\/form>\n<\/div>\n<\/div><\/div><\/div><div class=\"w-tabs-section\" id=\"ea56\"><button class=\"w-tabs-section-header\" aria-controls=\"content-ea56\" aria-expanded=\"false\"><div class=\"w-tabs-section-title\">P\u0159ihl\u00e1\u0161en\u00ed<\/div><div class=\"w-tabs-section-control\"><\/div><\/button><div  class=\"w-tabs-section-content\" id=\"content-ea56\"><div class=\"w-tabs-section-content-h i-cf\"><div class=\"w-login us-field-style_2 us_custom_435c636a\"><form class=\"w-form for_login layout_ver\" action=\"https:\/\/www.rafadvisory.cz\/cs\/wp-login.php\" method=\"post\"><div class=\"w-form-h\"><div class=\"w-form-row for_text required\">\r\n\t\t<div class=\"w-form-row-field\">\r\n\t\t\t\t\t\t<input aria-label=\"U\u017eivatelsk\u00e9 jm\u00e9no nebo e-mail\" type=\"text\" name=\"username\" value placeholder=\"U\u017eivatelsk\u00e9 jm\u00e9no nebo e-mail *\" data-required=\"true\" aria-required=\"true\"\/>\r\n\t\t\t<\/div>\r\n\t\t<div class=\"w-form-row-state\">Pros\u00edm, vypl\u0148te toto pole.<\/div>\r\n<\/div>\r\n<div class=\"w-form-row for_password required\">\r\n\t\t<div class=\"w-form-row-field\">\r\n\t\t\t\t\t\t<input aria-label=\"Heslo\" type=\"password\" name=\"password\" value placeholder=\"Heslo *\" data-required=\"true\" aria-required=\"true\"\/>\r\n\t\t\t<\/div>\r\n\t\t<div class=\"w-form-row-state\">Pros\u00edm, vypl\u0148te toto pole.<\/div>\r\n<\/div>\r\n<div class=\"w-form-row for_submit\">\r\n\t<button class=\"w-btn us-btn-style_1\" aria-label=\"P\u0159ihl\u00e1sit se\" type=\"submit\">\r\n\t\t<span class=\"g-preloader type_1\"><\/span>\r\n\t\t\t\t<span class=\"w-btn-label\">P\u0159ihl\u00e1sit se<\/span>\r\n\t\t\t<\/button>\r\n\t<\/div>\r\n<input type=\"hidden\" name value=\"forever\" \/>\r\n<input type=\"hidden\" id=\"us_login_nonce\" name=\"us_login_nonce\" value=\"e4e804879d\" \/><input type=\"hidden\" name=\"_wp_http_referer\" value=\"\/cs\/wp-json\/wp\/v2\/pages\/772\" \/><input type=\"hidden\" name=\"action\" value=\"us_ajax_login\" \/>\r\n<input type=\"hidden\" name=\"redirect_to\" value=\"\/cs\/dokumenty\/\" \/>\r\n<\/div><div class=\"w-form-message\"><\/div><div class=\"w-form-json hidden\" onclick='return {&quot;login_redirect&quot;:&quot;\\\/cs\\\/dokumenty\\\/&quot;,&quot;use_ajax&quot;:false,&quot;ajaxurl&quot;:&quot;https:\\\/\\\/www.rafadvisory.cz\\\/cs\\\/wp-admin\\\/admin-ajax.php&quot;,&quot;messages&quot;:{&quot;err_empty&quot;:&quot;Pros\\u00edm, vypl\\u0148te toto pole.&quot;,&quot;err_size&quot;:&quot;Velikost souboru nesm\\u00ed p\\u0159ekro\\u010dit %s MB&quot;,&quot;err_extension&quot;:&quot;Form\\u00e1t %s nen\\u00ed povolen&quot;,&quot;err_recaptcha_keys&quot;:&quot;reCAPTCHA kl\\u00ed\\u010de nejsou spr\\u00e1vn\\u00e9&quot;}}'><\/div><\/form><\/div><\/div><\/div><\/div><\/div><\/div><div class=\"w-separator size_small\"><\/div><\/div><\/div><\/div><\/div><\/div><\/section><section class=\"l-section wpb_row us_custom_8070a896 height_auto width_full\"><div class=\"l-section-h i-cf\"><div class=\"g-cols vc_row via_flex valign_top type_default stacking_default\"><div class=\"vc_col-sm-12 wpb_column vc_column_container\"><div class=\"vc_column-inner us_custom_49dbe721\"><div class=\"vc_column-overlay\" style=\"background:#ffffff\"><\/div><div class=\"wpb_wrapper\"><\/div><\/div><\/div><\/div><\/div><\/section>\n","protected":false},"excerpt":{"rendered":"Dokumenty Z\u00edskat p\u0159\u00edstupP\u0159ihl\u00e1\u0161en\u00edZ\u00edskat p\u0159\u00edstupV\u0161echny d\u016fle\u017eit\u00e9 dokumenty p\u0159ehledn\u011b uspo\u0159\u00e1dan\u00e9 na jednom m\u00edst\u011b \u2013 p\u0159esn\u011b tak, jak jste zvykl\u00ed u RAF Advisory. Pro p\u0159\u00edstup ke sta\u017eiteln\u00fdm dokument\u016fm pros\u00edm zadejte svou e-mailovou adresu. Va\u0161e p\u0159ihla\u0161ovac\u00ed \u00fadaje v\u00e1m budou zasl\u00e1ny e-mailem. P\u0159ihl\u00e1\u0161en\u00ed Pros\u00edm, vypl\u0148te toto pole. Pros\u00edm, vypl\u0148te toto pole. P\u0159ihl\u00e1sit se","protected":false},"author":1,"featured_media":0,"parent":0,"menu_order":0,"comment_status":"closed","ping_status":"closed","template":"","meta":{"footnotes":""},"class_list":["post-772","page","type-page","status-publish","hentry"],"_links":{"self":[{"href":"https:\/\/www.rafadvisory.cz\/cs\/wp-json\/wp\/v2\/pages\/772","targetHints":{"allow":["GET"]}}],"collection":[{"href":"https:\/\/www.rafadvisory.cz\/cs\/wp-json\/wp\/v2\/pages"}],"about":[{"href":"https:\/\/www.rafadvisory.cz\/cs\/wp-json\/wp\/v2\/types\/page"}],"author":[{"embeddable":true,"href":"https:\/\/www.rafadvisory.cz\/cs\/wp-json\/wp\/v2\/users\/1"}],"replies":[{"embeddable":true,"href":"https:\/\/www.rafadvisory.cz\/cs\/wp-json\/wp\/v2\/comments?post=772"}],"version-history":[{"count":0,"href":"https:\/\/www.rafadvisory.cz\/cs\/wp-json\/wp\/v2\/pages\/772\/revisions"}],"wp:attachment":[{"href":"https:\/\/www.rafadvisory.cz\/cs\/wp-json\/wp\/v2\/media?parent=772"}],"curies":[{"name":"wp","href":"https:\/\/api.w.org\/{rel}","templated":true}]}}